{"id":1703,"date":"2017-07-02T03:37:47","date_gmt":"2017-07-02T03:37:47","guid":{"rendered":"https:\/\/demos.wolfthemes.com\/tune\/?page_id=1703"},"modified":"2026-03-23T19:53:40","modified_gmt":"2026-03-24T02:53:40","slug":"laurent-ziliani","status":"publish","type":"page","link":"https:\/\/www.laurentziliani.com\/fr\/","title":{"rendered":"Laurent Ziliani"},"content":{"rendered":"<div class=\"wpb-content-wrapper\"><p>[vc_row][vc_column shift_x=&#8221;0&#8243; shift_y=&#8221;0&#8243; z_index=&#8221;0&#8243; link=&#8221;url:https%3A%2F%2Fwww.laurentziliani.com%2Fsondheim-digital-booklet-v6|title:Anyone%20Can%20Whistle%3A%20A%20Sondheim%20Journey&#8221;][vc_column_text text_align_mobile=&#8221;center&#8221;]<\/p>\n<h1 class=\"acw-title\" style=\"text-align: center;\">Anyone Can Whistle : A Sondheim Journey<\/h1>\n<p class=\"acw-tagline\" style=\"text-align: center;\"><strong>Des chansons d\u2019amour de Stephen Sondheim r\u00e9invent\u00e9es pour voix et big band.<\/strong><\/p>\n<p class=\"acw-blurb\" style=\"text-align: center;\">Entre harmonie jazz, couleurs orchestrales et narration th\u00e9\u00e2trale \u2014 un album con\u00e7u comme une exp\u00e9rience d\u2019\u00e9coute compl\u00e8te.<\/p>\n<div class=\"acw-date-wrapper\" style=\"text-align: center;\"><strong><span class=\"acw-date\">Sortie le 22 mars<\/span><\/strong><\/div>\n<p>[\/vc_column_text][\/vc_column][\/vc_row][vc_row][vc_column width=&#8221;1\/3&#8243;][\/vc_column][vc_column width=&#8221;1\/3&#8243;][\/vc_column][vc_column width=&#8221;1\/3&#8243;][\/vc_column][\/vc_row][vc_row][vc_column][wvc_release_index release_module=&#8221;carousel&#8221; pagination=&#8221;link_to_discography&#8221; orderby=&#8221;&#8221; order=&#8221;&#8221; posts_per_page=&#8221;1&#8243;][\/vc_column][\/vc_row]<\/p>\n<\/div>","protected":false},"excerpt":{"rendered":"<p>[vc_row][vc_column shift_x=&#8221;0&#8243; shift_y=&#8221;0&#8243; z_index=&#8221;0&#8243; link=&#8221;url:https%3A%2F%2Fwww.laurentziliani.com%2Fsondheim-digital-booklet-v6|title:Anyone%20Can%20Whistle%3A%20A%20Sondheim%20Journey&#8221;][vc_column_text text_align_mobile=&#8221;center&#8221;] Anyone Can Whistle : A Sondheim Journey Des chansons d\u2019amour de Stephen Sondheim r\u00e9invent\u00e9es pour voix et big band. Entre harmonie jazz, couleurs orchestrales et narration th\u00e9\u00e2trale \u2014 un album con\u00e7u comme une exp\u00e9rience d\u2019\u00e9coute compl\u00e8te. Sortie le 22 mars [\/vc_column_text][\/vc_column][\/vc_row][vc_row][vc_column width=&#8221;1\/3&#8243;][\/vc_column][vc_column width=&#8221;1\/3&#8243;][\/vc_column][vc_column width=&#8221;1\/3&#8243;][\/vc_column][\/vc_row][vc_row][vc_column][wvc_release_index release_module=&#8221;carousel&#8221; pagination=&#8221;link_to_discography&#8221; orderby=&#8221;&#8221; order=&#8221;&#8221; posts_per_page=&#8221;1&#8243;][\/vc_column][\/vc_row]<\/p>\n","protected":false},"author":1,"featured_media":0,"parent":0,"menu_order":0,"comment_status":"closed","ping_status":"closed","template":"","meta":{"footnotes":""},"class_list":{"0":"post-1703","1":"page","2":"type-page","3":"status-publish","4":"hentry","5":"entry","6":"clearfix","7":"entry-grid","8":"entry-columns-default","9":"entry-page-module-layout-standard","10":"no-post-thumbnail","11":"entry-page","13":"entry-page-grid"},"yoast_head":"<!-- This site is optimized with the Yoast SEO plugin v27.1.1 - https:\/\/yoast.com\/product\/yoast-seo-wordpress\/ -->\n<title>Laurent Ziliani &#8211; Official Website<\/title>\n<meta name=\"description\" content=\"Official Website of Laurent Ziliani, composer. Film, Video Game, Television and Commercial Music.\" \/>\n<meta name=\"robots\" content=\"index, follow, max-snippet:-1, max-image-preview:large, max-video-preview:-1\" \/>\n<link rel=\"canonical\" href=\"https:\/\/www.laurentziliani.com\/\" \/>\n<meta property=\"og:locale\" content=\"fr_FR\" \/>\n<meta property=\"og:type\" content=\"article\" \/>\n<meta property=\"og:title\" content=\"Laurent Ziliani &#8211; Official Website\" \/>\n<meta property=\"og:description\" content=\"Official Website of Laurent Ziliani, composer. Film, Video Game, Television and Commercial Music.\" \/>\n<meta property=\"og:url\" content=\"https:\/\/www.laurentziliani.com\/\" \/>\n<meta property=\"og:site_name\" content=\"Laurent Ziliani\" \/>\n<meta property=\"article:publisher\" content=\"https:\/\/www.facebook.com\/laurentziliani\/\" \/>\n<meta property=\"article:modified_time\" content=\"2026-03-24T02:53:40+00:00\" \/>\n<meta name=\"twitter:card\" content=\"summary_large_image\" \/>\n<meta name=\"twitter:site\" content=\"@laurentziliani\" \/>\n<meta name=\"twitter:label1\" content=\"Est. reading time\" \/>\n\t<meta name=\"twitter:data1\" content=\"1 minute\" \/>\n<script type=\"application\/ld+json\" class=\"yoast-schema-graph\">{\"@context\":\"https:\/\/schema.org\",\"@graph\":[{\"@type\":\"WebPage\",\"@id\":\"https:\/\/www.laurentziliani.com\/\",\"url\":\"https:\/\/www.laurentziliani.com\/\",\"name\":\"Laurent Ziliani &#8211; Official Website\",\"isPartOf\":{\"@id\":\"https:\/\/www.laurentziliani.com\/fr\/#website\"},\"datePublished\":\"2017-07-02T03:37:47+00:00\",\"dateModified\":\"2026-03-24T02:53:40+00:00\",\"description\":\"Official Website of Laurent Ziliani, composer. Film, Video Game, Television and Commercial Music.\",\"breadcrumb\":{\"@id\":\"https:\/\/www.laurentziliani.com\/#breadcrumb\"},\"inLanguage\":\"fr-fr\",\"potentialAction\":[{\"@type\":\"ReadAction\",\"target\":[\"https:\/\/www.laurentziliani.com\/\"]}]},{\"@type\":\"BreadcrumbList\",\"@id\":\"https:\/\/www.laurentziliani.com\/#breadcrumb\",\"itemListElement\":[{\"@type\":\"ListItem\",\"position\":1,\"name\":\"Home\",\"item\":\"https:\/\/www.laurentziliani.com\/\"},{\"@type\":\"ListItem\",\"position\":2,\"name\":\"Laurent Ziliani\"}]},{\"@type\":\"WebSite\",\"@id\":\"https:\/\/www.laurentziliani.com\/fr\/#website\",\"url\":\"https:\/\/www.laurentziliani.com\/fr\/\",\"name\":\"Laurent Ziliani\",\"description\":\"Musician, Actor\",\"potentialAction\":[{\"@type\":\"SearchAction\",\"target\":{\"@type\":\"EntryPoint\",\"urlTemplate\":\"https:\/\/www.laurentziliani.com\/fr\/?s={search_term_string}\"},\"query-input\":{\"@type\":\"PropertyValueSpecification\",\"valueRequired\":true,\"valueName\":\"search_term_string\"}}],\"inLanguage\":\"fr-fr\"}]}<\/script>\n<!-- \/ Yoast SEO plugin. -->","yoast_head_json":{"title":"Laurent Ziliani &#8211; Official Website","description":"Official Website of Laurent Ziliani, composer. Film, Video Game, Television and Commercial Music.","robots":{"index":"index","follow":"follow","max-snippet":"max-snippet:-1","max-image-preview":"max-image-preview:large","max-video-preview":"max-video-preview:-1"},"canonical":"https:\/\/www.laurentziliani.com\/","og_locale":"fr_FR","og_type":"article","og_title":"Laurent Ziliani &#8211; Official Website","og_description":"Official Website of Laurent Ziliani, composer. Film, Video Game, Television and Commercial Music.","og_url":"https:\/\/www.laurentziliani.com\/","og_site_name":"Laurent Ziliani","article_publisher":"https:\/\/www.facebook.com\/laurentziliani\/","article_modified_time":"2026-03-24T02:53:40+00:00","twitter_card":"summary_large_image","twitter_site":"@laurentziliani","twitter_misc":{"Est. reading time":"1 minute"},"schema":{"@context":"https:\/\/schema.org","@graph":[{"@type":"WebPage","@id":"https:\/\/www.laurentziliani.com\/","url":"https:\/\/www.laurentziliani.com\/","name":"Laurent Ziliani &#8211; Official Website","isPartOf":{"@id":"https:\/\/www.laurentziliani.com\/fr\/#website"},"datePublished":"2017-07-02T03:37:47+00:00","dateModified":"2026-03-24T02:53:40+00:00","description":"Official Website of Laurent Ziliani, composer. Film, Video Game, Television and Commercial Music.","breadcrumb":{"@id":"https:\/\/www.laurentziliani.com\/#breadcrumb"},"inLanguage":"fr-fr","potentialAction":[{"@type":"ReadAction","target":["https:\/\/www.laurentziliani.com\/"]}]},{"@type":"BreadcrumbList","@id":"https:\/\/www.laurentziliani.com\/#breadcrumb","itemListElement":[{"@type":"ListItem","position":1,"name":"Home","item":"https:\/\/www.laurentziliani.com\/"},{"@type":"ListItem","position":2,"name":"Laurent Ziliani"}]},{"@type":"WebSite","@id":"https:\/\/www.laurentziliani.com\/fr\/#website","url":"https:\/\/www.laurentziliani.com\/fr\/","name":"Laurent Ziliani","description":"Musician, Actor","potentialAction":[{"@type":"SearchAction","target":{"@type":"EntryPoint","urlTemplate":"https:\/\/www.laurentziliani.com\/fr\/?s={search_term_string}"},"query-input":{"@type":"PropertyValueSpecification","valueRequired":true,"valueName":"search_term_string"}}],"inLanguage":"fr-fr"}]}},"_links":{"self":[{"href":"https:\/\/www.laurentziliani.com\/fr\/wp-json\/wp\/v2\/pages\/1703","targetHints":{"allow":["GET"]}}],"collection":[{"href":"https:\/\/www.laurentziliani.com\/fr\/wp-json\/wp\/v2\/pages"}],"about":[{"href":"https:\/\/www.laurentziliani.com\/fr\/wp-json\/wp\/v2\/types\/page"}],"author":[{"embeddable":true,"href":"https:\/\/www.laurentziliani.com\/fr\/wp-json\/wp\/v2\/users\/1"}],"replies":[{"embeddable":true,"href":"https:\/\/www.laurentziliani.com\/fr\/wp-json\/wp\/v2\/comments?post=1703"}],"version-history":[{"count":96,"href":"https:\/\/www.laurentziliani.com\/fr\/wp-json\/wp\/v2\/pages\/1703\/revisions"}],"predecessor-version":[{"id":3319,"href":"https:\/\/www.laurentziliani.com\/fr\/wp-json\/wp\/v2\/pages\/1703\/revisions\/3319"}],"wp:attachment":[{"href":"https:\/\/www.laurentziliani.com\/fr\/wp-json\/wp\/v2\/media?parent=1703"}],"curies":[{"name":"wp","href":"https:\/\/api.w.org\/{rel}","templated":true}]}}