{"id":2598,"date":"2018-11-08T07:06:09","date_gmt":"2018-11-08T15:06:09","guid":{"rendered":"https:\/\/www.laurentziliani.com\/?page_id=2598"},"modified":"2025-08-20T02:20:55","modified_gmt":"2025-08-20T09:20:55","slug":"memberships","status":"publish","type":"page","link":"https:\/\/www.laurentziliani.com\/fr\/memberships\/","title":{"rendered":"Soci\u00e9tariats"},"content":{"rendered":"<div class=\"wpb-content-wrapper\"><p><\/p>\n<p>[vc_row column_type=&#8221;block&#8221; shift_y=&#8221;0&#8243; z_index=&#8221;0&#8243; row_name=&#8221;Counters&#8221;][vc_column content_placement=&#8221;top&#8221; content_alignment=&#8221;right&#8221; text_alignment=&#8221;right&#8221; width=&#8221;1\/2&#8243; shift_x=&#8221;0&#8243; shift_y=&#8221;0&#8243; z_index=&#8221;0&#8243; css_animation=&#8221;fade&#8221; link=&#8221;url:https%3A%2F%2Fwww.imdb.com%2Fname%2Fnm1507493%2F|title:IMDb|target:%20_blank|&#8221;][wvc_counter font_size=&#8221;14&#8243; i_icon_fontawesome=&#8221;&#8221; add_icon=&#8221;true&#8221; number=&#8221;166&#8243; text=&#8221;titres sur IMDb&#8221;][\/vc_column][vc_column width=&#8221;1\/2&#8243;][wvc_counter font_size=&#8221;14&#8243; i_icon_fontawesome=&#8221;&#8221; add_icon=&#8221;true&#8221; number=&#8221;443&#8243; text=&#8221;\u0153uvres musicales d\u00e9pos\u00e9es&#8221;][\/vc_column][\/vc_row][vc_row container_width=&#8221;boxed&#8221; equal_height=&#8221;&#8221; shift_y=&#8221;0&#8243; z_index=&#8221;0&#8243; row_name=&#8221;Memberships&#8221;][vc_column content_type=&#8221;block-media&#8221; shift_x=&#8221;0&#8243; shift_y=&#8221;0&#8243; z_index=&#8221;0&#8243; max_width=&#8221;80%&#8221;][vc_column_text]<\/p>\n<p style=\"text-align: center;\"><span style=\"font-size: 10pt;\"><strong>Je suis membre des soci\u00e9t\u00e9s et organisations suivantes :<\/strong><\/span><\/p>\n<p>[\/vc_column_text][vc_gallery type=&#8221;carousel&#8221; img_size=&#8221;medium&#8221; slides_per_view=&#8221;2&#8243; hover_effect=&#8221;to-greyscale&#8221; add_caption=&#8221;yes&#8221; onclick=&#8221;custom_link&#8221; custom_links_target=&#8221;_blank&#8221; slideshow_speed=&#8221;3000&#8243; nav_bullets=&#8221;false&#8221; nav_arrows=&#8221;false&#8221; nav_arrows_tone=&#8221;dark&#8221; nav_dots_tone=&#8221;dark&#8221; css_animation_each=&#8221;true&#8221; images=&#8221;2572,2567,2566,2565,2563,2562,2561,2560,2568&#8243; custom_links=&#8221;#E-8_aHR0cCUzQSUyRiUyRnd3dy5hZGFtaS5mciUyQ2h0dHAlM0ElMkYlMkZ1cy5tZW5zYS5vcmclMkNodHRwJTNBJTJGJTJGd3d3Lndvcmxkc291bmR0cmFja2F3YXJkcy5jb20lMkNodHRwJTNBJTJGJTJGd3d3LnRoZXNjbC5jb20lMkNodHRwJTNBJTJGJTJGd3d3LmFlcy5vcmclMkNodHRwJTNBJTJGJTJGd3d3LmdyYW1teS5jb20lMkNodHRwJTNBJTJGJTJGd3d3LmVtbXlzLmNvbSUyQ2h0dHAlM0ElMkYlMkZ3d3cuc2FjZW0uZnIlMkNodHRwJTNBJTJGJTJGd3d3LmFzY2FwLmNvbQ==&#8221; css_animation=&#8221;fade&#8221; css_animation_delay=&#8221;1000&#8243;][\/vc_column][\/vc_row]<\/p>\n<p><\/p>\n<\/div>","protected":false},"excerpt":{"rendered":"<p>[vc_row column_type=&#8221;block&#8221; shift_y=&#8221;0&#8243; z_index=&#8221;0&#8243; row_name=&#8221;Counters&#8221;][vc_column content_placement=&#8221;top&#8221; content_alignment=&#8221;right&#8221; text_alignment=&#8221;right&#8221; width=&#8221;1\/2&#8243; shift_x=&#8221;0&#8243; shift_y=&#8221;0&#8243; z_index=&#8221;0&#8243; css_animation=&#8221;fade&#8221; link=&#8221;url:https%3A%2F%2Fwww.imdb.com%2Fname%2Fnm1507493%2F|title:IMDb|target:%20_blank|&#8221;][wvc_counter font_size=&#8221;14&#8243; i_icon_fontawesome=&#8221;&#8221; add_icon=&#8221;true&#8221; number=&#8221;166&#8243; text=&#8221;titres sur IMDb&#8221;][\/vc_column][vc_column width=&#8221;1\/2&#8243;][wvc_counter font_size=&#8221;14&#8243; i_icon_fontawesome=&#8221;&#8221; add_icon=&#8221;true&#8221; number=&#8221;443&#8243; text=&#8221;\u0153uvres musicales d\u00e9pos\u00e9es&#8221;][\/vc_column][\/vc_row][vc_row container_width=&#8221;boxed&#8221; equal_height=&#8221;&#8221; shift_y=&#8221;0&#8243; z_index=&#8221;0&#8243; row_name=&#8221;Memberships&#8221;][vc_column content_type=&#8221;block-media&#8221; shift_x=&#8221;0&#8243; shift_y=&#8221;0&#8243; z_index=&#8221;0&#8243; max_width=&#8221;80%&#8221;][vc_column_text] Je suis membre des soci\u00e9t\u00e9s et organisations suivantes : [\/vc_column_text][vc_gallery type=&#8221;carousel&#8221; img_size=&#8221;medium&#8221; slides_per_view=&#8221;2&#8243; hover_effect=&#8221;to-greyscale&#8221; add_caption=&#8221;yes&#8221; onclick=&#8221;custom_link&#8221;&#8230;<\/p>\n<p><a rel=\"bookmark\" class=\"reinar-button-simple wvc-button wvc-button-size-xs\" href=\"https:\/\/www.laurentziliani.com\/fr\/memberships\/\"><span>Continue reading<\/span><\/a><\/p>\n","protected":false},"author":1,"featured_media":0,"parent":0,"menu_order":0,"comment_status":"closed","ping_status":"closed","template":"","meta":{"footnotes":""},"class_list":{"0":"post-2598","1":"page","2":"type-page","3":"status-publish","4":"hentry","5":"entry","6":"clearfix","7":"entry-grid","8":"entry-columns-default","9":"entry-page-module-layout-standard","10":"no-post-thumbnail","11":"entry-page","13":"entry-page-grid"},"yoast_head":"<!-- This site is optimized with the Yoast SEO plugin v27.1.1 - https:\/\/yoast.com\/product\/yoast-seo-wordpress\/ -->\n<title>Soci\u00e9tariats &#8211; Laurent Ziliani<\/title>\n<meta name=\"description\" content=\"Official Website of Laurent Ziliani, composer. Film, Video Game, Television and Commercial Music.\" \/>\n<meta name=\"robots\" content=\"index, follow, max-snippet:-1, max-image-preview:large, max-video-preview:-1\" \/>\n<link rel=\"canonical\" href=\"https:\/\/www.laurentziliani.com\/memberships\/\" \/>\n<meta property=\"og:locale\" content=\"fr_FR\" \/>\n<meta property=\"og:type\" content=\"article\" \/>\n<meta property=\"og:title\" content=\"[:en]Memberships[:fr]Soci\u00e9tariats[:] &#8211; Laurent Ziliani\" \/>\n<meta property=\"og:description\" content=\"Official Website of Laurent Ziliani, composer. Film, Video Game, Television and Commercial Music.\" \/>\n<meta property=\"og:url\" content=\"https:\/\/www.laurentziliani.com\/memberships\/\" \/>\n<meta property=\"og:site_name\" content=\"Laurent Ziliani\" \/>\n<meta property=\"article:publisher\" content=\"https:\/\/www.facebook.com\/laurentziliani\/\" \/>\n<meta property=\"article:modified_time\" content=\"2025-08-20T09:20:55+00:00\" \/>\n<meta name=\"twitter:card\" content=\"summary_large_image\" \/>\n<meta name=\"twitter:site\" content=\"@laurentziliani\" \/>\n<meta name=\"twitter:label1\" content=\"Est. reading time\" \/>\n\t<meta name=\"twitter:data1\" content=\"2 minutes\" \/>\n<script type=\"application\/ld+json\" class=\"yoast-schema-graph\">{\"@context\":\"https:\/\/schema.org\",\"@graph\":[{\"@type\":\"WebPage\",\"@id\":\"https:\/\/www.laurentziliani.com\/memberships\/\",\"url\":\"https:\/\/www.laurentziliani.com\/memberships\/\",\"name\":\"[:en]Memberships[:fr]Soci\u00e9tariats[:] &#8211; Laurent Ziliani\",\"isPartOf\":{\"@id\":\"https:\/\/www.laurentziliani.com\/fr\/#website\"},\"datePublished\":\"2018-11-08T15:06:09+00:00\",\"dateModified\":\"2025-08-20T09:20:55+00:00\",\"description\":\"Official Website of Laurent Ziliani, composer. Film, Video Game, Television and Commercial Music.\",\"breadcrumb\":{\"@id\":\"https:\/\/www.laurentziliani.com\/memberships\/#breadcrumb\"},\"inLanguage\":\"fr-fr\",\"potentialAction\":[{\"@type\":\"ReadAction\",\"target\":[\"https:\/\/www.laurentziliani.com\/memberships\/\"]}]},{\"@type\":\"BreadcrumbList\",\"@id\":\"https:\/\/www.laurentziliani.com\/memberships\/#breadcrumb\",\"itemListElement\":[{\"@type\":\"ListItem\",\"position\":1,\"name\":\"Home\",\"item\":\"https:\/\/www.laurentziliani.com\/\"},{\"@type\":\"ListItem\",\"position\":2,\"name\":\"Memberships\"}]},{\"@type\":\"WebSite\",\"@id\":\"https:\/\/www.laurentziliani.com\/fr\/#website\",\"url\":\"https:\/\/www.laurentziliani.com\/fr\/\",\"name\":\"Laurent Ziliani\",\"description\":\"Musician, Actor\",\"potentialAction\":[{\"@type\":\"SearchAction\",\"target\":{\"@type\":\"EntryPoint\",\"urlTemplate\":\"https:\/\/www.laurentziliani.com\/fr\/?s={search_term_string}\"},\"query-input\":{\"@type\":\"PropertyValueSpecification\",\"valueRequired\":true,\"valueName\":\"search_term_string\"}}],\"inLanguage\":\"fr-fr\"}]}<\/script>\n<!-- \/ Yoast SEO plugin. -->","yoast_head_json":{"title":"[:en]Memberships[:fr]Soci\u00e9tariats[:] &#8211; Laurent Ziliani","description":"Official Website of Laurent Ziliani, composer. Film, Video Game, Television and Commercial Music.","robots":{"index":"index","follow":"follow","max-snippet":"max-snippet:-1","max-image-preview":"max-image-preview:large","max-video-preview":"max-video-preview:-1"},"canonical":"https:\/\/www.laurentziliani.com\/memberships\/","og_locale":"fr_FR","og_type":"article","og_title":"[:en]Memberships[:fr]Soci\u00e9tariats[:] &#8211; Laurent Ziliani","og_description":"Official Website of Laurent Ziliani, composer. Film, Video Game, Television and Commercial Music.","og_url":"https:\/\/www.laurentziliani.com\/memberships\/","og_site_name":"Laurent Ziliani","article_publisher":"https:\/\/www.facebook.com\/laurentziliani\/","article_modified_time":"2025-08-20T09:20:55+00:00","twitter_card":"summary_large_image","twitter_site":"@laurentziliani","twitter_misc":{"Est. reading time":"2 minutes"},"schema":{"@context":"https:\/\/schema.org","@graph":[{"@type":"WebPage","@id":"https:\/\/www.laurentziliani.com\/memberships\/","url":"https:\/\/www.laurentziliani.com\/memberships\/","name":"[:en]Memberships[:fr]Soci\u00e9tariats[:] &#8211; Laurent Ziliani","isPartOf":{"@id":"https:\/\/www.laurentziliani.com\/fr\/#website"},"datePublished":"2018-11-08T15:06:09+00:00","dateModified":"2025-08-20T09:20:55+00:00","description":"Official Website of Laurent Ziliani, composer. Film, Video Game, Television and Commercial Music.","breadcrumb":{"@id":"https:\/\/www.laurentziliani.com\/memberships\/#breadcrumb"},"inLanguage":"fr-fr","potentialAction":[{"@type":"ReadAction","target":["https:\/\/www.laurentziliani.com\/memberships\/"]}]},{"@type":"BreadcrumbList","@id":"https:\/\/www.laurentziliani.com\/memberships\/#breadcrumb","itemListElement":[{"@type":"ListItem","position":1,"name":"Home","item":"https:\/\/www.laurentziliani.com\/"},{"@type":"ListItem","position":2,"name":"Memberships"}]},{"@type":"WebSite","@id":"https:\/\/www.laurentziliani.com\/fr\/#website","url":"https:\/\/www.laurentziliani.com\/fr\/","name":"Laurent Ziliani","description":"Musician, Actor","potentialAction":[{"@type":"SearchAction","target":{"@type":"EntryPoint","urlTemplate":"https:\/\/www.laurentziliani.com\/fr\/?s={search_term_string}"},"query-input":{"@type":"PropertyValueSpecification","valueRequired":true,"valueName":"search_term_string"}}],"inLanguage":"fr-fr"}]}},"_links":{"self":[{"href":"https:\/\/www.laurentziliani.com\/fr\/wp-json\/wp\/v2\/pages\/2598","targetHints":{"allow":["GET"]}}],"collection":[{"href":"https:\/\/www.laurentziliani.com\/fr\/wp-json\/wp\/v2\/pages"}],"about":[{"href":"https:\/\/www.laurentziliani.com\/fr\/wp-json\/wp\/v2\/types\/page"}],"author":[{"embeddable":true,"href":"https:\/\/www.laurentziliani.com\/fr\/wp-json\/wp\/v2\/users\/1"}],"replies":[{"embeddable":true,"href":"https:\/\/www.laurentziliani.com\/fr\/wp-json\/wp\/v2\/comments?post=2598"}],"version-history":[{"count":8,"href":"https:\/\/www.laurentziliani.com\/fr\/wp-json\/wp\/v2\/pages\/2598\/revisions"}],"predecessor-version":[{"id":3054,"href":"https:\/\/www.laurentziliani.com\/fr\/wp-json\/wp\/v2\/pages\/2598\/revisions\/3054"}],"wp:attachment":[{"href":"https:\/\/www.laurentziliani.com\/fr\/wp-json\/wp\/v2\/media?parent=2598"}],"curies":[{"name":"wp","href":"https:\/\/api.w.org\/{rel}","templated":true}]}}