{"id":3104,"date":"2026-01-24T22:58:04","date_gmt":"2026-01-25T06:58:04","guid":{"rendered":"https:\/\/www.laurentziliani.com\/?page_id=3104"},"modified":"2026-03-22T19:13:31","modified_gmt":"2026-03-23T02:13:31","slug":"press","status":"publish","type":"page","link":"https:\/\/www.laurentziliani.com\/fr\/press\/","title":{"rendered":"Press &#038; Interviews"},"content":{"rendered":"<div class=\"wpb-content-wrapper\"><p><\/p>\n<p>[vc_row el_class=&#8221;press-intro-row&#8221;][vc_column][vc_column_text el_class=&#8221;press-intro-text&#8221;]<br \/>\nUne s\u00e9lection d\u2019interviews et de conversations autour de mon travail de compositeur, arrangeur et interpr\u00e8te \u2014 entre jazz, th\u00e9\u00e2tre et cin\u00e9ma.<br \/>\n[\/vc_column_text][vc_custom_heading text=&#8221;\u00c0 la une&#8221; el_class=&#8221;press-featured-title&#8221; font_container=&#8221;tag:h3|text_align:left&#8221; use_theme_fonts=&#8221;yes&#8221;][\/vc_column][\/vc_row][vc_row equal_height=&#8221;yes&#8221; css_animation=&#8221;none&#8221; shift_y=&#8221;0&#8243; z_index=&#8221;0&#8243; el_class=&#8221;press-featured-grid&#8221;][vc_column width=&#8221;1\/3&#8243;][wvc_banner image=&#8221;3313&#8243; img_size=&#8221;600&#215;600&#8243; overlay_opacity=&#8221;40&#8243; link=&#8221;url:https%3A%2F%2Fpodcasts.apple.com%2Fus%2Fpodcast%2Fanyone-can-whistle-a-sondheim-journey-with-laurent-ziliani%2Fid1435108436%3Fi%3D1000756596193|title:%C3%89couter%20sur%20Apple%20Podcasts|target:_blank&#8221; title=&#8221;Putting It Together&#8221; css_animation=&#8221;fadeIn&#8221; css_animation_delay=&#8221;200&#8243;][vc_custom_heading text=&#8221;AUDIO \u2022 Putting It Together (anglais)&#8221; font_container=&#8221;tag:h5|text_align:left&#8221; use_theme_fonts=&#8221;yes&#8221;][vc_column_text]<br \/>\n<strong>Date :<\/strong> 22 mars 2026<br \/>\n\u00c0 l\u2019occasion de l\u2019anniversaire de Stephen Sondheim, une conversation autour de mon album <em>Anyone Can Whistle: A Sondheim Journey<\/em> \u2014 une relecture tr\u00e8s personnelle de ses chansons \u00e0 travers le jazz, le big band et une approche vocale plus intime.<\/p>\n<p><a href=\"https:\/\/podcasts.apple.com\/us\/podcast\/anyone-can-whistle-a-sondheim-journey-with-laurent-ziliani\/id1435108436?i=1000756596193\" target=\"_blank\" rel=\"noopener\" style=\"display:inline-block;padding:10px 14px;border:1px solid currentColor;border-radius:6px;text-decoration:none;line-height:1;\">\u00c9couter \u2192<\/a><br \/>\n[\/vc_column_text][\/vc_column][vc_column width=&#8221;1\/3&#8243;][wvc_banner image=&#8221;3170&#8243; img_size=&#8221;600&#215;600&#8243; overlay_opacity=&#8221;40&#8243; link=&#8221;url:https%3A%2F%2Fkgpr.podbean.com%2Fe%2Fclassical-journey-interview-with-laurent-ziliani%2F|title:%C3%89couter%20sur%20Podbean|target:_blank&#8221; title=&#8221;KGPR \u2022 Classical Journey&#8221; css_animation=&#8221;fadeIn&#8221; css_animation_delay=&#8221;200&#8243;][vc_custom_heading text=&#8221;AUDIO \u2022 KGPR Great Falls Public Radio (anglais)&#8221; font_container=&#8221;tag:h5|text_align:left&#8221; use_theme_fonts=&#8221;yes&#8221;][vc_column_text]<br \/>\n<strong>Date :<\/strong> 28 janvier 2026<br \/>\nEntretien avec Matt Donnelly autour de mon travail (jazz, th\u00e9\u00e2tre, cin\u00e9ma) \u2014 avec un aper\u00e7u de <em>Skybound<\/em>, mon hommage au compositeur\/violoniste\/pilote Ben Powell.<\/p>\n<p><a href=\"https:\/\/kgpr.podbean.com\/e\/classical-journey-interview-with-laurent-ziliani\/\" target=\"_blank\" rel=\"noopener\" style=\"display:inline-block;padding:10px 14px;border:1px solid currentColor;border-radius:6px;text-decoration:none;line-height:1;\">\u00c9couter \u2192<\/a><br \/>\n[\/vc_column_text][\/vc_column][vc_column width=&#8221;1\/3&#8243;][wvc_banner image=&#8221;3169&#8243; img_size=&#8221;600&#215;600&#8243; overlay_opacity=&#8221;40&#8243; link=&#8221;url:https%3A%2F%2Fvoyagela.com%2Finterview%2Fconversations-with-laurent-ziliani%2F|title:Lire%20sur%20VoyageLA|target:_blank&#8221; title=&#8221;VoyageLA&#8221; css_animation=&#8221;fadeIn&#8221; css_animation_delay=&#8221;200&#8243;][vc_custom_heading text=&#8221;PRESSE \u2022 VoyageLA (anglais)&#8221; font_container=&#8221;tag:h5|text_align:left&#8221; use_theme_fonts=&#8221;yes&#8221;][vc_column_text]<br \/>\n<strong>Date :<\/strong> 26 janvier 2026<br \/>\nUn entretien au long cours sur mon parcours \u2014 de la formation classique \u00e0 la musique de film, l\u2019\u00e9criture pour big band, et les projets en cours.<\/p>\n<p><a href=\"https:\/\/voyagela.com\/interview\/conversations-with-laurent-ziliani\" target=\"_blank\" rel=\"noopener\" style=\"display:inline-block;padding:10px 14px;border:1px solid currentColor;border-radius:6px;text-decoration:none;line-height:1;\">Lire \u2192<\/a><br \/>\n[\/vc_column_text][\/vc_column][\/vc_row][vc_row][vc_column][vc_column_text]<\/p>\n<p>[\/vc_column_text][\/vc_column][\/vc_row][vc_row equal_height=&#8221;yes&#8221; css_animation=&#8221;none&#8221; shift_y=&#8221;0&#8243; z_index=&#8221;0&#8243; el_class=&#8221;press-featured-grid&#8221;][vc_column width=&#8221;1\/3&#8243;][wvc_banner image=&#8221;3115&#8243; img_size=&#8221;600&#215;600&#8243; overlay_opacity=&#8221;40&#8243; link=&#8221;url:https%3A%2F%2Fwww.youtube.com%2Fwatch%3Fv%3DE9TR3mDJ7Z8|title:Regarder%20sur%20YouTube|target:_blank&#8221; title=&#8221;Neon Jazz&#8221; css_animation=&#8221;fadeIn&#8221; css_animation_delay=&#8221;200&#8243;][vc_custom_heading text=&#8221;VID\u00c9O \u2022 Podcast Neon Jazz (anglais)&#8221; font_container=&#8221;tag:h5|text_align:left&#8221; use_theme_fonts=&#8221;yes&#8221;][vc_column_text]<br \/>\n<strong>Date :<\/strong> 10 janvier 2026<br \/>\nConversation autour de la composition entre jazz, th\u00e9\u00e2tre et cin\u00e9ma, et de la mani\u00e8re dont la narration et l\u2019orchestration fa\u00e7onnent une identit\u00e9 musicale.<\/p>\n<p><a href=\"https:\/\/www.youtube.com\/watch?v=E9TR3mDJ7Z8\" target=\"_blank\" rel=\"noopener\" style=\"display:inline-block;padding:10px 14px;border:1px solid currentColor;border-radius:6px;text-decoration:none;line-height:1;\">Regarder \u2192<\/a><br \/>\n[\/vc_column_text][\/vc_column][vc_column width=&#8221;1\/3&#8243;][wvc_banner image=&#8221;3116&#8243; img_size=&#8221;600&#215;600&#8243; overlay_opacity=&#8221;40&#8243; link=&#8221;url:https%3A%2F%2Fwww.youtube.com%2Fwatch%3Fv%3DTcRnHoLkgzo|title:Regarder%20sur%20YouTube|target:_blank&#8221; title=&#8221;Harmonious World&#8221; css_animation=&#8221;fadeIn&#8221; css_animation_delay=&#8221;200&#8243;][vc_custom_heading text=&#8221;VID\u00c9O \u2022 Harmonious World (anglais)&#8221; font_container=&#8221;tag:h5|text_align:left&#8221; use_theme_fonts=&#8221;yes&#8221;][vc_column_text]<br \/>\n<strong>Date :<\/strong> 22 d\u00e9cembre 2025<br \/>\nDiscussion autour de l\u2019\u00e9criture pour big band, de l\u2019arrangement et de la dimension narrative de la musique, ainsi que des projets \u00e0 venir.<\/p>\n<p><a href=\"https:\/\/www.youtube.com\/watch?v=TcRnHoLkgzo\" target=\"_blank\" rel=\"noopener\" style=\"display:inline-block;padding:10px 14px;border:1px solid currentColor;border-radius:6px;text-decoration:none;line-height:1;\">Regarder \u2192<\/a><br \/>\n[\/vc_column_text][\/vc_column][vc_column width=&#8221;1\/3&#8243;][wvc_banner image=&#8221;3106&#8243; img_size=&#8221;600&#215;600&#8243; overlay_opacity=&#8221;40&#8243; link=&#8221;url:https%3A%2F%2Fwww.mixcloud.com%2Fpeter-lewis15%2Fcooler-classics-23rd-november-2025%2F%3Ffbclid%3DIwY2xjawPinWNleHRuA2FlbQIxMQBzcnRjBmFwcF9pZBAyMjIwMzkxNzg4MjAwODkyAAEeCh8qIQQCRrJm-X6XVWudsv4zmpOOhz_M7egP55P366CbCFW_FpcJOPA1pMU_aem_qyrN4yIns1zSA1KkkrT3bQ|title:%C3%89couter%20sur%20Mixcloud|target:_blank&#8221; title=&#8221;Cooler Classics&#8221; css_animation=&#8221;fadeIn&#8221; css_animation_delay=&#8221;200&#8243;][vc_custom_heading text=&#8221;AUDIO \u2022 Cooler Classics (anglais)&#8221; font_container=&#8221;tag:h5|text_align:left&#8221; use_theme_fonts=&#8221;yes&#8221;][vc_column_text]<br \/>\n<strong>Date :<\/strong> 23 novembre 2025<br \/>\n\u00c9mission radiophonique consacr\u00e9e aux influences, \u00e0 l\u2019esth\u00e9tique musicale et aux univers que je traverse, de la couleur orchestrale au groove.<\/p>\n<p><a href=\"https:\/\/www.mixcloud.com\/peter-lewis15\/cooler-classics-23rd-november-2025\/?fbclid=IwY2xjawPinWNleHRuA2FlbQIxMQBzcnRjBmFwcF9pZBAyMjIwMzkxNzg4MjAwODkyAAEeCh8qIQQCRrJm-X6XVWudsv4zmpOOhz_M7egP55P366CbCFW_FpcJOPA1pMU_aem_qyrN4yIns1zSA1KkkrT3bQ\" target=\"_blank\" rel=\"noopener\" style=\"display:inline-block;padding:10px 14px;border:1px solid currentColor;border-radius:6px;text-decoration:none;line-height:1;\">\u00c9couter \u2192<\/a><br \/>\n[\/vc_column_text][\/vc_column][\/vc_row][vc_row][vc_column][vc_column_text]<\/p>\n<p>[\/vc_column_text][\/vc_column][\/vc_row][vc_row el_class=&#8221;press-archive-title-row&#8221;][vc_column][vc_custom_heading text=&#8221;Archives&#8221; el_class=&#8221;press-archive-title&#8221; font_container=&#8221;tag:h3|text_align:left&#8221; use_theme_fonts=&#8221;yes&#8221;][\/vc_column][\/vc_row][vc_row][vc_column][vc_column_text]<\/p>\n<p>[\/vc_column_text][\/vc_column][\/vc_row][vc_row equal_height=&#8221;yes&#8221; css_animation=&#8221;none&#8221; shift_y=&#8221;0&#8243; z_index=&#8221;0&#8243; el_class=&#8221;press-archive-grid&#8221;][vc_column width=&#8221;1\/3&#8243;][wvc_banner image=&#8221;3178&#8243; img_size=&#8221;600&#215;600&#8243; overlay_opacity=&#8221;40&#8243; link=&#8221;url:https%3A%2F%2Fwww.youtube.com%2Fwatch%3Fv%3D-NRtQVOJhwc|title:Regarder%20sur%20YouTube|target:_blank&#8221; title=&#8221;Moonlight Blade&#8221; css_animation=&#8221;fadeIn&#8221; css_animation_delay=&#8221;200&#8243;][vc_custom_heading text=&#8221;VID\u00c9O \u2022 Moonlight Blade (sous-titres chinois)&#8221; font_container=&#8221;tag:h5|text_align:left&#8221; use_theme_fonts=&#8221;yes&#8221;][vc_column_text]<br \/>\n<strong>Date :<\/strong> 4 d\u00e9cembre 2021<br \/>\nAncienne interview autour du jeu vid\u00e9o <em>Moonlight Blade<\/em> (avec sous-titres chinois).<\/p>\n<p><a href=\"https:\/\/www.youtube.com\/watch?v=-NRtQVOJhwc\" target=\"_blank\" rel=\"noopener\" style=\"display:inline-block;padding:10px 14px;border:1px solid currentColor;border-radius:6px;text-decoration:none;line-height:1;\">Regarder \u2192<\/a><br \/>\n[\/vc_column_text][\/vc_column][vc_column width=&#8221;1\/3&#8243;][wvc_banner image=&#8221;3137&#8243; img_size=&#8221;600&#215;600&#8243; overlay_opacity=&#8221;40&#8243; link=&#8221;url:https%3A%2F%2Fwww.laurentziliani.com%2Fwp-content%2Fuploads%2F2026%2F01%2FLEcran-Fantastique.pdf|title:Ouvrir%20le%20PDF|target:_blank&#8221; title=&#8221;L\u2019\u00c9cran Fantastique&#8221; css_animation=&#8221;fadeIn&#8221; css_animation_delay=&#8221;200&#8243;][vc_custom_heading text=&#8221;PRESSE \u2022 Magazine fran\u00e7ais&#8221; font_container=&#8221;tag:h5|text_align:left&#8221; use_theme_fonts=&#8221;yes&#8221;][vc_column_text]<br \/>\n<strong>Date :<\/strong> 27 novembre 2010<br \/>\nInterview publi\u00e9e dans <em>L\u2019\u00c9cran Fantastique<\/em> (n\u00b0315).<\/p>\n<p><a href=\"https:\/\/www.laurentziliani.com\/wp-content\/uploads\/2026\/01\/LEcran-Fantastique.pdf\" target=\"_blank\" rel=\"noopener\" style=\"display:inline-block;padding:10px 14px;border:1px solid currentColor;border-radius:6px;text-decoration:none;line-height:1;\">Lire (PDF) \u2192<\/a><br \/>\n[\/vc_column_text][\/vc_column][vc_column width=&#8221;1\/3&#8243;][\/vc_column][\/vc_row]<\/p>\n<p><\/p>\n<\/div>","protected":false},"excerpt":{"rendered":"<p>[vc_row el_class=&#8221;press-intro-row&#8221;][vc_column][vc_column_text el_class=&#8221;press-intro-text&#8221;] Une s\u00e9lection d\u2019interviews et de conversations autour de mon travail de compositeur, arrangeur et interpr\u00e8te \u2014 entre jazz, th\u00e9\u00e2tre et cin\u00e9ma. [\/vc_column_text][vc_custom_heading text=&#8221;\u00c0 la une&#8221; el_class=&#8221;press-featured-title&#8221; font_container=&#8221;tag:h3|text_align:left&#8221; use_theme_fonts=&#8221;yes&#8221;][\/vc_column][\/vc_row][vc_row equal_height=&#8221;yes&#8221; css_animation=&#8221;none&#8221; shift_y=&#8221;0&#8243; z_index=&#8221;0&#8243; el_class=&#8221;press-featured-grid&#8221;][vc_column width=&#8221;1\/3&#8243;][wvc_banner image=&#8221;3313&#8243; img_size=&#8221;600&#215;600&#8243; overlay_opacity=&#8221;40&#8243; link=&#8221;url:https%3A%2F%2Fpodcasts.apple.com%2Fus%2Fpodcast%2Fanyone-can-whistle-a-sondheim-journey-with-laurent-ziliani%2Fid1435108436%3Fi%3D1000756596193|title:%C3%89couter%20sur%20Apple%20Podcasts|target:_blank&#8221; title=&#8221;Putting It Together&#8221; css_animation=&#8221;fadeIn&#8221; css_animation_delay=&#8221;200&#8243;][vc_custom_heading text=&#8221;AUDIO \u2022 Putting It Together (anglais)&#8221; font_container=&#8221;tag:h5|text_align:left&#8221; use_theme_fonts=&#8221;yes&#8221;][vc_column_text] Date&#8230;<\/p>\n<p><a rel=\"bookmark\" class=\"reinar-button-simple wvc-button wvc-button-size-xs\" href=\"https:\/\/www.laurentziliani.com\/fr\/press\/\"><span>Continue reading<\/span><\/a><\/p>\n","protected":false},"author":1,"featured_media":0,"parent":0,"menu_order":0,"comment_status":"closed","ping_status":"closed","template":"","meta":{"footnotes":""},"class_list":{"0":"post-3104","1":"page","2":"type-page","3":"status-publish","4":"hentry","5":"entry","6":"clearfix","7":"entry-grid","8":"entry-columns-default","9":"entry-page-module-layout-standard","10":"is-youtube","11":"no-post-thumbnail","12":"entry-page","14":"entry-page-grid"},"yoast_head":"<!-- This site is optimized with the Yoast SEO plugin v27.1.1 - https:\/\/yoast.com\/product\/yoast-seo-wordpress\/ -->\n<title>Press &amp; Interviews &#8211; Laurent Ziliani<\/title>\n<meta name=\"description\" content=\"Official Website of Laurent Ziliani, composer. Film, Video Game, Television and Commercial Music.\" \/>\n<meta name=\"robots\" content=\"index, follow, max-snippet:-1, max-image-preview:large, max-video-preview:-1\" \/>\n<link rel=\"canonical\" href=\"https:\/\/www.laurentziliani.com\/press\/\" \/>\n<meta property=\"og:locale\" content=\"fr_FR\" \/>\n<meta property=\"og:type\" content=\"article\" \/>\n<meta property=\"og:title\" content=\"Press &amp; Interviews &#8211; Laurent Ziliani\" \/>\n<meta property=\"og:description\" content=\"Official Website of Laurent Ziliani, composer. Film, Video Game, Television and Commercial Music.\" \/>\n<meta property=\"og:url\" content=\"https:\/\/www.laurentziliani.com\/press\/\" \/>\n<meta property=\"og:site_name\" content=\"Laurent Ziliani\" \/>\n<meta property=\"article:publisher\" content=\"https:\/\/www.facebook.com\/laurentziliani\/\" \/>\n<meta property=\"article:modified_time\" content=\"2026-03-23T02:13:31+00:00\" \/>\n<meta name=\"twitter:card\" content=\"summary_large_image\" \/>\n<meta name=\"twitter:site\" content=\"@laurentziliani\" \/>\n<meta name=\"twitter:label1\" content=\"Est. reading time\" \/>\n\t<meta name=\"twitter:data1\" content=\"6 minutes\" \/>\n<script type=\"application\/ld+json\" class=\"yoast-schema-graph\">{\"@context\":\"https:\/\/schema.org\",\"@graph\":[{\"@type\":\"WebPage\",\"@id\":\"https:\/\/www.laurentziliani.com\/press\/\",\"url\":\"https:\/\/www.laurentziliani.com\/press\/\",\"name\":\"Press & Interviews &#8211; Laurent Ziliani\",\"isPartOf\":{\"@id\":\"https:\/\/www.laurentziliani.com\/fr\/#website\"},\"datePublished\":\"2026-01-25T06:58:04+00:00\",\"dateModified\":\"2026-03-23T02:13:31+00:00\",\"description\":\"Official Website of Laurent Ziliani, composer. Film, Video Game, Television and Commercial Music.\",\"breadcrumb\":{\"@id\":\"https:\/\/www.laurentziliani.com\/press\/#breadcrumb\"},\"inLanguage\":\"fr-fr\",\"potentialAction\":[{\"@type\":\"ReadAction\",\"target\":[\"https:\/\/www.laurentziliani.com\/press\/\"]}]},{\"@type\":\"BreadcrumbList\",\"@id\":\"https:\/\/www.laurentziliani.com\/press\/#breadcrumb\",\"itemListElement\":[{\"@type\":\"ListItem\",\"position\":1,\"name\":\"Home\",\"item\":\"https:\/\/www.laurentziliani.com\/\"},{\"@type\":\"ListItem\",\"position\":2,\"name\":\"Press &#038; Interviews\"}]},{\"@type\":\"WebSite\",\"@id\":\"https:\/\/www.laurentziliani.com\/fr\/#website\",\"url\":\"https:\/\/www.laurentziliani.com\/fr\/\",\"name\":\"Laurent Ziliani\",\"description\":\"Musician, Actor\",\"potentialAction\":[{\"@type\":\"SearchAction\",\"target\":{\"@type\":\"EntryPoint\",\"urlTemplate\":\"https:\/\/www.laurentziliani.com\/fr\/?s={search_term_string}\"},\"query-input\":{\"@type\":\"PropertyValueSpecification\",\"valueRequired\":true,\"valueName\":\"search_term_string\"}}],\"inLanguage\":\"fr-fr\"}]}<\/script>\n<!-- \/ Yoast SEO plugin. -->","yoast_head_json":{"title":"Press & Interviews &#8211; Laurent Ziliani","description":"Official Website of Laurent Ziliani, composer. Film, Video Game, Television and Commercial Music.","robots":{"index":"index","follow":"follow","max-snippet":"max-snippet:-1","max-image-preview":"max-image-preview:large","max-video-preview":"max-video-preview:-1"},"canonical":"https:\/\/www.laurentziliani.com\/press\/","og_locale":"fr_FR","og_type":"article","og_title":"Press & Interviews &#8211; Laurent Ziliani","og_description":"Official Website of Laurent Ziliani, composer. Film, Video Game, Television and Commercial Music.","og_url":"https:\/\/www.laurentziliani.com\/press\/","og_site_name":"Laurent Ziliani","article_publisher":"https:\/\/www.facebook.com\/laurentziliani\/","article_modified_time":"2026-03-23T02:13:31+00:00","twitter_card":"summary_large_image","twitter_site":"@laurentziliani","twitter_misc":{"Est. reading time":"6 minutes"},"schema":{"@context":"https:\/\/schema.org","@graph":[{"@type":"WebPage","@id":"https:\/\/www.laurentziliani.com\/press\/","url":"https:\/\/www.laurentziliani.com\/press\/","name":"Press & Interviews &#8211; Laurent Ziliani","isPartOf":{"@id":"https:\/\/www.laurentziliani.com\/fr\/#website"},"datePublished":"2026-01-25T06:58:04+00:00","dateModified":"2026-03-23T02:13:31+00:00","description":"Official Website of Laurent Ziliani, composer. Film, Video Game, Television and Commercial Music.","breadcrumb":{"@id":"https:\/\/www.laurentziliani.com\/press\/#breadcrumb"},"inLanguage":"fr-fr","potentialAction":[{"@type":"ReadAction","target":["https:\/\/www.laurentziliani.com\/press\/"]}]},{"@type":"BreadcrumbList","@id":"https:\/\/www.laurentziliani.com\/press\/#breadcrumb","itemListElement":[{"@type":"ListItem","position":1,"name":"Home","item":"https:\/\/www.laurentziliani.com\/"},{"@type":"ListItem","position":2,"name":"Press &#038; Interviews"}]},{"@type":"WebSite","@id":"https:\/\/www.laurentziliani.com\/fr\/#website","url":"https:\/\/www.laurentziliani.com\/fr\/","name":"Laurent Ziliani","description":"Musician, Actor","potentialAction":[{"@type":"SearchAction","target":{"@type":"EntryPoint","urlTemplate":"https:\/\/www.laurentziliani.com\/fr\/?s={search_term_string}"},"query-input":{"@type":"PropertyValueSpecification","valueRequired":true,"valueName":"search_term_string"}}],"inLanguage":"fr-fr"}]}},"_links":{"self":[{"href":"https:\/\/www.laurentziliani.com\/fr\/wp-json\/wp\/v2\/pages\/3104","targetHints":{"allow":["GET"]}}],"collection":[{"href":"https:\/\/www.laurentziliani.com\/fr\/wp-json\/wp\/v2\/pages"}],"about":[{"href":"https:\/\/www.laurentziliani.com\/fr\/wp-json\/wp\/v2\/types\/page"}],"author":[{"embeddable":true,"href":"https:\/\/www.laurentziliani.com\/fr\/wp-json\/wp\/v2\/users\/1"}],"replies":[{"embeddable":true,"href":"https:\/\/www.laurentziliani.com\/fr\/wp-json\/wp\/v2\/comments?post=3104"}],"version-history":[{"count":55,"href":"https:\/\/www.laurentziliani.com\/fr\/wp-json\/wp\/v2\/pages\/3104\/revisions"}],"predecessor-version":[{"id":3316,"href":"https:\/\/www.laurentziliani.com\/fr\/wp-json\/wp\/v2\/pages\/3104\/revisions\/3316"}],"wp:attachment":[{"href":"https:\/\/www.laurentziliani.com\/fr\/wp-json\/wp\/v2\/media?parent=3104"}],"curies":[{"name":"wp","href":"https:\/\/api.w.org\/{rel}","templated":true}]}}